{"id":14698,"date":"2016-10-10T04:55:16","date_gmt":"2016-10-10T04:55:16","guid":{"rendered":"http:\/\/coach-sante-nature.fr\/index.php\/contact-us-ii\/"},"modified":"2026-03-13T15:55:41","modified_gmt":"2026-03-13T14:55:41","slug":"reservation-contact","status":"publish","type":"page","link":"https:\/\/coach-sante-nature.fr\/index.php\/reservation-contact\/","title":{"rendered":"R\u00e9servation et contact"},"content":{"rendered":"<p>[vc_row section_type=\u00a0\u00bbfullwidth\u00a0\u00bb padding_top_multiplier=\u00a0\u00bb\u00a0\u00bb padding_bottom_multiplier=\u00a0\u00bb\u00a0\u00bb columns_gap=\u00a0\u00bbnone\u00a0\u00bb][vc_column]<div class=\"grve-map-wrapper\">  <div class=\"grve-element grve-map\" data-lat=\"48.879314\" data-lng=\"2.183715\" data-zoom=\"14\" data-disable-style=\"no\" style=\"height: 500px;\"><\/div>  <div style=\"display:none\" class=\"grve-map-point\" data-point-marker=\"\/\/coach-sante-nature.fr\/wp-content\/themes\/movedo\/images\/markers\/markers.png\" data-point-lat=\"48.879314\" data-point-lng=\"2.183715\" data-point-title=\"\" data-point-type=\"image\"><\/div><\/div>[\/vc_column][\/vc_row][vc_row padding_top_multiplier=\u00a0\u00bb6x\u00a0\u00bb padding_bottom_multiplier=\u00a0\u00bb6x\u00a0\u00bb][vc_column width=\u00a0\u00bb1\/6&Prime;][\/vc_column][vc_column width=\u00a0\u00bb2\/3&Prime;]<h2 class=\"grve-element grve-title grve-align-center grve-h1\" style=\"margin-bottom: 0px;\"><span>Notre cabinet se trouve<br \/>\n\u00e0 Rueil-Malmaison<\/span><\/h2><div class=\"grve-element grve-divider\" style=\"padding-top: 40px;padding-bottom: 10px;\"><span class=\"grve-custom-divider grve-bg-black grve-align-center\" style=\"width: 90px;height: 5px;\"><\/span><\/div><h3 class=\"grve-element grve-title grve-align-left grve-h3 grve-custom-font-1\" style=\"\"><span><br>\n<p style=\"color: #aaaaaa; text-align: center;\"><span style=\"color: #999999;\">Aux portes de Paris, dans les Hauts de Seine, Marie Coupleux vous re\u00e7oit en consultation dans son cabinet de Rueil-Malmaison.<\/span><br>\n<p style=\"color: #aaaaaa; text-align: center;\"><span style=\"color: #999999;\">7 rue du Dr ZAMENHOF 92500 Rueil-Malmaison<\/span><br>\n<p style=\"text-align: center;\"><span style=\"color: #999999;\">le samedi,<\/span><br>\n<p style=\"text-align: center;\"><span style=\"color: #999999;\">\u00a0le vendredi et certains lundis \u00e0 mon domicile<\/span><br>\n<p style=\"color: #aaaaaa; text-align: center;\"><span style=\"color: #000000;\"><strong>06 88 89 97 91<\/strong><\/span><br>\n<p style=\"text-align: center;\"><b>La prise de rendez vous s&rsquo;effectue uniquement par mail, SMS, ou t\u00e9l\u00e9phone.<\/b><br>\n<p style=\"text-align: center;\">CB non accept\u00e9e<br>\n<\/span><\/h3><div class=\"grve-empty-space grve-height-1x\" style=\"\"><\/div><h2 class=\"grve-element grve-title grve-align-center grve-h1\" style=\"margin-bottom: 0px;\"><span>Nous \u00e9crire<\/span><\/h2><div class=\"grve-element grve-divider\" style=\"padding-top: 40px;padding-bottom: 40px;\"><span class=\"grve-custom-divider grve-bg-black grve-align-center\" style=\"width: 90px;height: 5px;\"><\/span><\/div>\n<div class=\"wpcf7 no-js\" id=\"wpcf7-f13489-o1\" lang=\"en-US\" dir=\"ltr\" data-wpcf7-id=\"13489\">\n<div class=\"screen-reader-response\"><p role=\"status\" aria-live=\"polite\" aria-atomic=\"true\"><\/p> <ul><\/ul><\/div>\n<form action=\"\/index.php\/wp-json\/wp\/v2\/pages\/14698#wpcf7-f13489-o1\" method=\"post\" class=\"wpcf7-form init\" aria-label=\"Contact form\" novalidate=\"novalidate\" data-status=\"init\">\n<fieldset class=\"hidden-fields-container\"><input type=\"hidden\" name=\"_wpcf7\" value=\"13489\" \/><input type=\"hidden\" name=\"_wpcf7_version\" value=\"6.1.5\" \/><input type=\"hidden\" name=\"_wpcf7_locale\" value=\"en_US\" \/><input type=\"hidden\" name=\"_wpcf7_unit_tag\" value=\"wpcf7-f13489-o1\" \/><input type=\"hidden\" name=\"_wpcf7_container_post\" value=\"0\" \/><input type=\"hidden\" name=\"_wpcf7_posted_data_hash\" value=\"\" \/>\n<\/fieldset>\n<div class=\"grve-form grve-fields-round grve-align-center\">\n\t<div class=\"grve-fields-wrapper\">\n\t\t<div class=\"grve-one-third\">\n\t\t\t<p><span class=\"wpcf7-form-control-wrap\" data-name=\"your-name\"><input size=\"40\" maxlength=\"400\" class=\"wpcf7-form-control wpcf7-text wpcf7-validates-as-required\" aria-required=\"true\" aria-invalid=\"false\" placeholder=\"Votre nom (obligatoire)\" value=\"\" type=\"text\" name=\"your-name\" \/><\/span>\n\t\t\t<\/p>\n\t\t<\/div>\n\t\t<div class=\"grve-one-third\">\n\t\t\t<p><span class=\"wpcf7-form-control-wrap\" data-name=\"your-email\"><input size=\"40\" maxlength=\"400\" class=\"wpcf7-form-control wpcf7-email wpcf7-validates-as-required wpcf7-text wpcf7-validates-as-email\" aria-required=\"true\" aria-invalid=\"false\" placeholder=\"Votre adresse mail (obligatoire)\" value=\"\" type=\"email\" name=\"your-email\" \/><\/span>\n\t\t\t<\/p>\n\t\t<\/div>\n\t\t<div class=\"grve-one-third grve-last-column\">\n\t\t\t<p><span class=\"wpcf7-form-control-wrap\" data-name=\"your-subject\"><input size=\"40\" maxlength=\"400\" class=\"wpcf7-form-control wpcf7-text\" aria-invalid=\"false\" placeholder=\"Sujet\" value=\"\" type=\"text\" name=\"your-subject\" \/><\/span>\n\t\t\t<\/p>\n\t\t<\/div>\n\t\t<div>\n\t\t\t<p><span class=\"wpcf7-form-control-wrap\" data-name=\"soinsetservices\"><select class=\"wpcf7-form-control wpcf7-select\" aria-invalid=\"false\" name=\"soinsetservices\"><option value=\"Bilan de sant\u00e9 naturelle\">Bilan de sant\u00e9 naturelle<\/option><option value=\"Consultation classique\">Consultation classique<\/option><option value=\"Consultation Fleurs de Bach\">Consultation Fleurs de Bach<\/option><option value=\"Pr\u00e9paration \u00e0 la maternit\u00e9\">Pr\u00e9paration \u00e0 la maternit\u00e9<\/option><option value=\"Massage Aromatouch\">Massage Aromatouch<\/option><option value=\"Ateliers \u00e0 venir\">Ateliers \u00e0 venir<\/option><\/select><\/span>\n\t\t\t<\/p>\n\t\t<\/div>\n\t\t<div>\n\t\t\t<p><span class=\"wpcf7-form-control-wrap\" data-name=\"your-message\"><textarea cols=\"40\" rows=\"10\" maxlength=\"2000\" class=\"wpcf7-form-control wpcf7-textarea\" aria-invalid=\"false\" placeholder=\"Votre message\" name=\"your-message\"><\/textarea><\/span>\n\t\t\t<\/p>\n\t\t<\/div>\n\t\t<div>\n\t\t\t<p><input class=\"wpcf7-form-control wpcf7-submit has-spinner grve-round\" type=\"submit\" value=\"Envoyer votre message\" \/>\n\t\t\t<\/p>\n\t\t<\/div>\n\t<\/div>\n<\/div><div class=\"wpcf7-response-output\" aria-hidden=\"true\"><\/div>\n<\/form>\n<\/div>\n[\/vc_column][vc_column width=\u00a0\u00bb1\/6&Prime;][\/vc_column][\/vc_row]<\/p>\n","protected":false},"excerpt":{"rendered":"<p>[vc_row section_type=\u00a0\u00bbfullwidth\u00a0\u00bb padding_top_multiplier=\u00a0\u00bb\u00a0\u00bb padding_bottom_multiplier=\u00a0\u00bb\u00a0\u00bb columns_gap=\u00a0\u00bbnone\u00a0\u00bb][vc_column][\/vc_column][\/vc_row][vc_row padding_top_multiplier=\u00a0\u00bb6x\u00a0\u00bb padding_bottom_multiplier=\u00a0\u00bb6x\u00a0\u00bb][vc_column width=\u00a0\u00bb1\/6&Prime;][\/vc_column][vc_column width=\u00a0\u00bb2\/3&Prime;][\/vc_column][vc_column width=\u00a0\u00bb1\/6&Prime;][\/vc_column][\/vc_row]<\/p>\n","protected":false},"author":1,"featured_media":0,"parent":0,"menu_order":0,"comment_status":"closed","ping_status":"closed","template":"","meta":{"footnotes":""},"class_list":["post-14698","page","type-page","status-publish","hentry"],"yoast_head":"<!-- This site is optimized with the Yoast SEO plugin v27.4 - https:\/\/yoast.com\/product\/yoast-seo-wordpress\/ -->\n<title>R\u00e9servation et contact - Coach Sant\u00e9 Nature<\/title>\n<meta name=\"robots\" content=\"index, follow, max-snippet:-1, max-image-preview:large, max-video-preview:-1\" \/>\n<link rel=\"canonical\" href=\"https:\/\/coach-sante-nature.fr\/index.php\/reservation-contact\/\" \/>\n<meta property=\"og:locale\" content=\"fr_FR\" \/>\n<meta property=\"og:type\" content=\"article\" \/>\n<meta property=\"og:title\" content=\"R\u00e9servation et contact - Coach Sant\u00e9 Nature\" \/>\n<meta property=\"og:description\" content=\"[vc_row section_type=\u00a0\u00bbfullwidth\u00a0\u00bb padding_top_multiplier=\u00a0\u00bb\u00a0\u00bb padding_bottom_multiplier=\u00a0\u00bb\u00a0\u00bb columns_gap=\u00a0\u00bbnone\u00a0\u00bb][vc_column][\/vc_column][\/vc_row][vc_row padding_top_multiplier=\u00a0\u00bb6x\u00a0\u00bb padding_bottom_multiplier=\u00a0\u00bb6x\u00a0\u00bb][vc_column width=\u00a0\u00bb1\/6&Prime;][\/vc_column][vc_column width=\u00a0\u00bb2\/3&Prime;][\/vc_column][vc_column width=\u00a0\u00bb1\/6&Prime;][\/vc_column][\/vc_row]\" \/>\n<meta property=\"og:url\" content=\"https:\/\/coach-sante-nature.fr\/index.php\/reservation-contact\/\" \/>\n<meta property=\"og:site_name\" content=\"Coach Sant\u00e9 Nature\" \/>\n<meta property=\"article:modified_time\" content=\"2026-03-13T14:55:41+00:00\" \/>\n<meta name=\"twitter:card\" content=\"summary_large_image\" \/>\n<meta name=\"twitter:label1\" content=\"Dur\u00e9e de lecture estim\u00e9e\" \/>\n\t<meta name=\"twitter:data1\" content=\"1 minute\" \/>\n<script type=\"application\/ld+json\" class=\"yoast-schema-graph\">{\"@context\":\"https:\\\/\\\/schema.org\",\"@graph\":[{\"@type\":\"WebPage\",\"@id\":\"https:\\\/\\\/coach-sante-nature.fr\\\/index.php\\\/reservation-contact\\\/\",\"url\":\"https:\\\/\\\/coach-sante-nature.fr\\\/index.php\\\/reservation-contact\\\/\",\"name\":\"R\u00e9servation et contact - Coach Sant\u00e9 Nature\",\"isPartOf\":{\"@id\":\"https:\\\/\\\/coach-sante-nature.fr\\\/#website\"},\"datePublished\":\"2016-10-10T04:55:16+00:00\",\"dateModified\":\"2026-03-13T14:55:41+00:00\",\"breadcrumb\":{\"@id\":\"https:\\\/\\\/coach-sante-nature.fr\\\/index.php\\\/reservation-contact\\\/#breadcrumb\"},\"inLanguage\":\"fr-FR\",\"potentialAction\":[{\"@type\":\"ReadAction\",\"target\":[\"https:\\\/\\\/coach-sante-nature.fr\\\/index.php\\\/reservation-contact\\\/\"]}]},{\"@type\":\"BreadcrumbList\",\"@id\":\"https:\\\/\\\/coach-sante-nature.fr\\\/index.php\\\/reservation-contact\\\/#breadcrumb\",\"itemListElement\":[{\"@type\":\"ListItem\",\"position\":1,\"name\":\"Accueil\",\"item\":\"https:\\\/\\\/coach-sante-nature.fr\\\/\"},{\"@type\":\"ListItem\",\"position\":2,\"name\":\"R\u00e9servation et contact\"}]},{\"@type\":\"WebSite\",\"@id\":\"https:\\\/\\\/coach-sante-nature.fr\\\/#website\",\"url\":\"https:\\\/\\\/coach-sante-nature.fr\\\/\",\"name\":\"Coach Sant\u00e9 Nature\",\"description\":\"Coach Sant\u00e9 Nature\",\"publisher\":{\"@id\":\"https:\\\/\\\/coach-sante-nature.fr\\\/#\\\/schema\\\/person\\\/dbaa52d46a0cce3e76533d5e6666f184\"},\"potentialAction\":[{\"@type\":\"SearchAction\",\"target\":{\"@type\":\"EntryPoint\",\"urlTemplate\":\"https:\\\/\\\/coach-sante-nature.fr\\\/?s={search_term_string}\"},\"query-input\":{\"@type\":\"PropertyValueSpecification\",\"valueRequired\":true,\"valueName\":\"search_term_string\"}}],\"inLanguage\":\"fr-FR\"},{\"@type\":[\"Person\",\"Organization\"],\"@id\":\"https:\\\/\\\/coach-sante-nature.fr\\\/#\\\/schema\\\/person\\\/dbaa52d46a0cce3e76533d5e6666f184\",\"name\":\"marielegros\",\"image\":{\"@type\":\"ImageObject\",\"inLanguage\":\"fr-FR\",\"@id\":\"https:\\\/\\\/secure.gravatar.com\\\/avatar\\\/be5a35ba668cfb15f650ebe745ed4d18f7d24b5c26486ac8940923b86358d1fb?s=96&d=mm&r=g\",\"url\":\"https:\\\/\\\/secure.gravatar.com\\\/avatar\\\/be5a35ba668cfb15f650ebe745ed4d18f7d24b5c26486ac8940923b86358d1fb?s=96&d=mm&r=g\",\"contentUrl\":\"https:\\\/\\\/secure.gravatar.com\\\/avatar\\\/be5a35ba668cfb15f650ebe745ed4d18f7d24b5c26486ac8940923b86358d1fb?s=96&d=mm&r=g\",\"caption\":\"marielegros\"},\"logo\":{\"@id\":\"https:\\\/\\\/secure.gravatar.com\\\/avatar\\\/be5a35ba668cfb15f650ebe745ed4d18f7d24b5c26486ac8940923b86358d1fb?s=96&d=mm&r=g\"}}]}<\/script>\n<!-- \/ Yoast SEO plugin. -->","yoast_head_json":{"title":"R\u00e9servation et contact - Coach Sant\u00e9 Nature","robots":{"index":"index","follow":"follow","max-snippet":"max-snippet:-1","max-image-preview":"max-image-preview:large","max-video-preview":"max-video-preview:-1"},"canonical":"https:\/\/coach-sante-nature.fr\/index.php\/reservation-contact\/","og_locale":"fr_FR","og_type":"article","og_title":"R\u00e9servation et contact - Coach Sant\u00e9 Nature","og_description":"[vc_row section_type=\u00a0\u00bbfullwidth\u00a0\u00bb padding_top_multiplier=\u00a0\u00bb\u00a0\u00bb padding_bottom_multiplier=\u00a0\u00bb\u00a0\u00bb columns_gap=\u00a0\u00bbnone\u00a0\u00bb][vc_column][\/vc_column][\/vc_row][vc_row padding_top_multiplier=\u00a0\u00bb6x\u00a0\u00bb padding_bottom_multiplier=\u00a0\u00bb6x\u00a0\u00bb][vc_column width=\u00a0\u00bb1\/6&Prime;][\/vc_column][vc_column width=\u00a0\u00bb2\/3&Prime;][\/vc_column][vc_column width=\u00a0\u00bb1\/6&Prime;][\/vc_column][\/vc_row]","og_url":"https:\/\/coach-sante-nature.fr\/index.php\/reservation-contact\/","og_site_name":"Coach Sant\u00e9 Nature","article_modified_time":"2026-03-13T14:55:41+00:00","twitter_card":"summary_large_image","twitter_misc":{"Dur\u00e9e de lecture estim\u00e9e":"1 minute"},"schema":{"@context":"https:\/\/schema.org","@graph":[{"@type":"WebPage","@id":"https:\/\/coach-sante-nature.fr\/index.php\/reservation-contact\/","url":"https:\/\/coach-sante-nature.fr\/index.php\/reservation-contact\/","name":"R\u00e9servation et contact - Coach Sant\u00e9 Nature","isPartOf":{"@id":"https:\/\/coach-sante-nature.fr\/#website"},"datePublished":"2016-10-10T04:55:16+00:00","dateModified":"2026-03-13T14:55:41+00:00","breadcrumb":{"@id":"https:\/\/coach-sante-nature.fr\/index.php\/reservation-contact\/#breadcrumb"},"inLanguage":"fr-FR","potentialAction":[{"@type":"ReadAction","target":["https:\/\/coach-sante-nature.fr\/index.php\/reservation-contact\/"]}]},{"@type":"BreadcrumbList","@id":"https:\/\/coach-sante-nature.fr\/index.php\/reservation-contact\/#breadcrumb","itemListElement":[{"@type":"ListItem","position":1,"name":"Accueil","item":"https:\/\/coach-sante-nature.fr\/"},{"@type":"ListItem","position":2,"name":"R\u00e9servation et contact"}]},{"@type":"WebSite","@id":"https:\/\/coach-sante-nature.fr\/#website","url":"https:\/\/coach-sante-nature.fr\/","name":"Coach Sant\u00e9 Nature","description":"Coach Sant\u00e9 Nature","publisher":{"@id":"https:\/\/coach-sante-nature.fr\/#\/schema\/person\/dbaa52d46a0cce3e76533d5e6666f184"},"potentialAction":[{"@type":"SearchAction","target":{"@type":"EntryPoint","urlTemplate":"https:\/\/coach-sante-nature.fr\/?s={search_term_string}"},"query-input":{"@type":"PropertyValueSpecification","valueRequired":true,"valueName":"search_term_string"}}],"inLanguage":"fr-FR"},{"@type":["Person","Organization"],"@id":"https:\/\/coach-sante-nature.fr\/#\/schema\/person\/dbaa52d46a0cce3e76533d5e6666f184","name":"marielegros","image":{"@type":"ImageObject","inLanguage":"fr-FR","@id":"https:\/\/secure.gravatar.com\/avatar\/be5a35ba668cfb15f650ebe745ed4d18f7d24b5c26486ac8940923b86358d1fb?s=96&d=mm&r=g","url":"https:\/\/secure.gravatar.com\/avatar\/be5a35ba668cfb15f650ebe745ed4d18f7d24b5c26486ac8940923b86358d1fb?s=96&d=mm&r=g","contentUrl":"https:\/\/secure.gravatar.com\/avatar\/be5a35ba668cfb15f650ebe745ed4d18f7d24b5c26486ac8940923b86358d1fb?s=96&d=mm&r=g","caption":"marielegros"},"logo":{"@id":"https:\/\/secure.gravatar.com\/avatar\/be5a35ba668cfb15f650ebe745ed4d18f7d24b5c26486ac8940923b86358d1fb?s=96&d=mm&r=g"}}]}},"_links":{"self":[{"href":"https:\/\/coach-sante-nature.fr\/index.php\/wp-json\/wp\/v2\/pages\/14698","targetHints":{"allow":["GET"]}}],"collection":[{"href":"https:\/\/coach-sante-nature.fr\/index.php\/wp-json\/wp\/v2\/pages"}],"about":[{"href":"https:\/\/coach-sante-nature.fr\/index.php\/wp-json\/wp\/v2\/types\/page"}],"author":[{"embeddable":true,"href":"https:\/\/coach-sante-nature.fr\/index.php\/wp-json\/wp\/v2\/users\/1"}],"replies":[{"embeddable":true,"href":"https:\/\/coach-sante-nature.fr\/index.php\/wp-json\/wp\/v2\/comments?post=14698"}],"version-history":[{"count":26,"href":"https:\/\/coach-sante-nature.fr\/index.php\/wp-json\/wp\/v2\/pages\/14698\/revisions"}],"predecessor-version":[{"id":16556,"href":"https:\/\/coach-sante-nature.fr\/index.php\/wp-json\/wp\/v2\/pages\/14698\/revisions\/16556"}],"wp:attachment":[{"href":"https:\/\/coach-sante-nature.fr\/index.php\/wp-json\/wp\/v2\/media?parent=14698"}],"curies":[{"name":"wp","href":"https:\/\/api.w.org\/{rel}","templated":true}]}}