{"id":16090,"date":"2019-02-17T16:45:43","date_gmt":"2019-02-17T15:45:43","guid":{"rendered":"https:\/\/coach-sante-nature.fr\/?page_id=16090"},"modified":"2026-03-13T15:44:09","modified_gmt":"2026-03-13T14:44:09","slug":"inspirations","status":"publish","type":"page","link":"https:\/\/coach-sante-nature.fr\/index.php\/inspirations\/","title":{"rendered":"Inspirations"},"content":{"rendered":"<p>[vc_row bg_type=\u00a0\u00bbcolor\u00a0\u00bb padding_top_multiplier=\u00a0\u00bb3x\u00a0\u00bb padding_bottom_multiplier=\u00a0\u00bb3x\u00a0\u00bb bg_color=\u00a0\u00bb#cfd9c8&Prime;][vc_column width=\u00a0\u00bb1\/3&Prime;]<div class=\"grve-element grve-box-icon grve-medium grve-top-icon grve-align-center\" style=\"\"><div class=\"grve-image-icon\"><img loading=\"lazy\" decoding=\"async\" width=\"512\" height=\"512\" src=\"https:\/\/coach-sante-nature.fr\/wp-content\/uploads\/2019\/02\/books-stack-of-three.png\" class=\"attachment-full size-full\" alt=\"lectures\" srcset=\"https:\/\/coach-sante-nature.fr\/wp-content\/uploads\/2019\/02\/books-stack-of-three.png 512w, https:\/\/coach-sante-nature.fr\/wp-content\/uploads\/2019\/02\/books-stack-of-three-150x150.png 150w, https:\/\/coach-sante-nature.fr\/wp-content\/uploads\/2019\/02\/books-stack-of-three-300x300.png 300w\" sizes=\"auto, (max-width: 512px) 100vw, 512px\" \/><\/div><div class=\"grve-box-content\"><div class=\"grve-box-title-wrapper\"><h3 class=\"grve-box-title grve-h3\">Lectures<\/h3><\/div>  <p class=\"\">Nous avons lu pour vous des articles, des livres mais aussi des dossiers sp\u00e9cialis\u00e9s. D\u00e9butant ou confirm\u00e9, vous trouverez forc\u00e9ment chaussure \u00e0 votre pied.<\/p><\/div><\/div><div class=\"grve-empty-space grve-height-1x\" style=\"\"><\/div><div class=\"grve-element grve-align-center grve-fluid-button\"><a href=\"#\" class=\"grve-btn grve-btn-medium grve-square grve-bg-white grve-bg-hover-black\" style=\"max-width: 250px;\"><span>Je lis<\/span><\/a><\/div>[\/vc_column][vc_column width=\u00a0\u00bb1\/3&Prime;]<div class=\"grve-element grve-box-icon grve-medium grve-top-icon grve-align-center\" style=\"\"><div class=\"grve-image-icon\"><img loading=\"lazy\" decoding=\"async\" width=\"480\" height=\"480\" src=\"https:\/\/coach-sante-nature.fr\/wp-content\/uploads\/2019\/02\/microphone-sketched-tool-symbol.png\" class=\"attachment-full size-full\" alt=\"\" srcset=\"https:\/\/coach-sante-nature.fr\/wp-content\/uploads\/2019\/02\/microphone-sketched-tool-symbol.png 480w, https:\/\/coach-sante-nature.fr\/wp-content\/uploads\/2019\/02\/microphone-sketched-tool-symbol-150x150.png 150w, https:\/\/coach-sante-nature.fr\/wp-content\/uploads\/2019\/02\/microphone-sketched-tool-symbol-300x300.png 300w\" sizes=\"auto, (max-width: 480px) 100vw, 480px\" \/><\/div><div class=\"grve-box-content\"><div class=\"grve-box-title-wrapper\"><h3 class=\"grve-box-title grve-h3\">Podcasts<\/h3><\/div>  <p class=\"\">Nous avons \u00e9cout\u00e9 et s\u00e9lectionn\u00e9 ses podcasts pour vous. Dans les transports ou \u00e0 la pause d\u00e9jeuner, on d\u00e9niche les meilleurs podcasts du moment. Testez !<\/p><\/div><\/div><div class=\"grve-empty-space grve-height-1x\" style=\"\"><\/div><div class=\"grve-element grve-align-center grve-fluid-button\"><a href=\"#\" class=\"grve-btn grve-btn-medium grve-square grve-bg-white grve-bg-hover-black\" style=\"max-width: 250px;\"><span>J'\u00e9coute<\/span><\/a><\/div>[\/vc_column][vc_column width=\u00a0\u00bb1\/3&Prime;]<div class=\"grve-element grve-box-icon grve-medium grve-top-icon grve-align-center\" style=\"\"><div class=\"grve-image-icon\"><img loading=\"lazy\" decoding=\"async\" width=\"512\" height=\"512\" src=\"https:\/\/coach-sante-nature.fr\/wp-content\/uploads\/2019\/02\/youtube-symbol-play-button-sketch-variant.png\" class=\"attachment-full size-full\" alt=\"\" srcset=\"https:\/\/coach-sante-nature.fr\/wp-content\/uploads\/2019\/02\/youtube-symbol-play-button-sketch-variant.png 512w, https:\/\/coach-sante-nature.fr\/wp-content\/uploads\/2019\/02\/youtube-symbol-play-button-sketch-variant-150x150.png 150w, https:\/\/coach-sante-nature.fr\/wp-content\/uploads\/2019\/02\/youtube-symbol-play-button-sketch-variant-300x300.png 300w\" sizes=\"auto, (max-width: 512px) 100vw, 512px\" \/><\/div><div class=\"grve-box-content\"><div class=\"grve-box-title-wrapper\"><h3 class=\"grve-box-title grve-h3\">Vid\u00e9os<\/h3><\/div>  <p class=\"\">Parfois une image vaut mieux que de longs discours. Retrouvez conseils pratiques et astuces en vid\u00e9o : une fa\u00e7on simple et ludique d&rsquo;apprendre les bons r\u00e9flexes.<\/p><\/div><\/div><div class=\"grve-empty-space grve-height-1x\" style=\"\"><\/div><div class=\"grve-element grve-align-center grve-fluid-button\"><a href=\"https:\/\/youtu.be\/n3taLQ1GlYQ\" class=\"grve-btn grve-btn-medium grve-square grve-bg-white grve-bg-hover-black\" style=\"max-width: 250px;\"><span>Je regarde<\/span><\/a><\/div>[\/vc_column][\/vc_row][vc_row section_type=\u00a0\u00bbfullwidth\u00a0\u00bb bg_type=\u00a0\u00bbimage\u00a0\u00bb bg_image=\u00a0\u00bb16156&Prime; bg_image_type=\u00a0\u00bbparallax\u00a0\u00bb parallax_threshold=\u00a0\u00bb0.5&Prime; padding_top_multiplier=\u00a0\u00bb3x\u00a0\u00bb padding_bottom_multiplier=\u00a0\u00bb3x\u00a0\u00bb font_color=\u00a0\u00bb#ffffff\u00a0\u00bb][vc_column width=\u00a0\u00bb1\/2&Prime;]<div class=\"grve-empty-space grve-height-1x\" style=\"\"><\/div><div class=\"grve-element grve-video\" style=\"\"><iframe loading=\"lazy\" title=\"Roman - Le scarab\u00e9e bleu - Emmanuelle Jappert\" width=\"1080\" height=\"608\" src=\"https:\/\/www.youtube.com\/embed\/KbQvar9giWU?feature=oembed\" frameborder=\"0\" allow=\"accelerometer; autoplay; encrypted-media; gyroscope; picture-in-picture\" allowfullscreen><\/iframe><\/div>[\/vc_column][vc_column width=\u00a0\u00bb1\/2&Prime; font_color=\u00a0\u00bb#ffffff\u00a0\u00bb]<div class=\"grve-empty-space grve-height-3x\" style=\"\"><\/div><div class=\"grve-element grve-callout grve-btn-bottom\" style=\"\">  <div class=\"grve-callout-wrapper\"><h3 class=\"grve-callout-content grve-h3\">Notre coup de coeur : Le Scarab\u00e9e Bleue d'Emmanuelle Jappert<\/h3>    <p class=\"\">Ce livre retrace les aventures d\u2019Anicha, une jeune fille de 16 ans originaire de la vall\u00e9e de Dad\u00e8s au Maroc. V\u00e9ritable voyage initiatique, ce livre nous invite \u00e0 affronter nos peurs et nos c\u00f4t\u00e9s obscurs afin de renaitre \u00e0 notre vraie nature, \u00e0 notre \u00ab\u00a0 vrai \u00bb moi, sans se mentir et ainsi r\u00e9aliser son destin.<\/p>  <\/div>  <div class=\"grve-button-wrapper\"><a href=\"https:\/\/www.eyrolles.com\/Chapitres\/9782212568981\/9782212568981.pdf\" target=\"_blank\" class=\"grve-btn grve-btn-medium grve-square grve-bg-white grve-bg-hover-black\"><span>Extrait<\/span><\/a>  <\/div><\/div>[\/vc_column][\/vc_row][vc_row][vc_column width=\u00a0\u00bb1\/3&Prime;]<div class=\"grve-empty-space grve-height-1x\" style=\"\"><\/div><div class=\"grve-element grve-slider grve-layout-1 grve-gallery-popup\"  style=\" \">  <div class=\"grve-carousel-wrapper\"><div class=\"grve-carousel-navigation grve-dark grve-navigation-1 grve-navigation-default\">\t<div class=\"grve-carousel-buttons\">\t\t<div class=\"grve-carousel-prev\">\t\t\t<i class=\"grve-icon-nav-left-small\"><\/i>\t\t<\/div>\t\t<div class=\"grve-carousel-next\">\t\t\t<i class=\"grve-icon-nav-right-small\"><\/i>\t\t<\/div>\t<\/div><\/div><div class=\"grve-slider-element owl-carousel grve-theme\" data-slider-speed=\"3500\" data-slider-pause=\"no\" data-slider-autoplay=\"yes\" data-slider-loop=\"yes\" data-slider-transition=\"slide\" data-slider-autoheight=\"no\" data-pagination=\"yes\"><div class=\"grve-slider-item grve-hover-item grve-hover-style-none\">  <figure class=\"grve-image-hover grve-zoom-none\"><div class=\"grve-media\"><img loading=\"lazy\" decoding=\"async\" width=\"211\" height=\"300\" src=\"https:\/\/coach-sante-nature.fr\/wp-content\/uploads\/2019\/09\/41ychbnwB7L._SX349_BO1204203200_-211x300.jpg\" class=\"attachment-medium size-medium\" alt=\"\" srcset=\"https:\/\/coach-sante-nature.fr\/wp-content\/uploads\/2019\/09\/41ychbnwB7L._SX349_BO1204203200_-211x300.jpg 211w, https:\/\/coach-sante-nature.fr\/wp-content\/uploads\/2019\/09\/41ychbnwB7L._SX349_BO1204203200_.jpg 351w\" sizes=\"auto, (max-width: 211px) 100vw, 211px\" \/><\/div>  <\/figure><\/div>\t<\/div>  <\/div><\/div><div class=\"grve-empty-space grve-height-1x\" style=\"\"><\/div><h3 class=\"grve-element grve-title grve-align-left grve-h3\" style=\"\"><span><br>\n<p style=\"text-align: center;\"><em>Au coeur des \u00e9motions de l&rsquo;enfant<\/em> d&rsquo;Isabelle Filliozat<br>\n<\/span><\/h3><div class=\"grve-empty-space grve-height-1x\" style=\"\"><\/div>[\/vc_column][vc_column width=\u00a0\u00bb1\/3&Prime;]<div class=\"grve-empty-space grve-height-1x\" style=\"\"><\/div><div class=\"grve-element grve-slider grve-layout-1 grve-gallery-popup\"  style=\" \">  <div class=\"grve-carousel-wrapper\"><div class=\"grve-carousel-navigation grve-dark grve-navigation-1 grve-navigation-default\">\t<div class=\"grve-carousel-buttons\">\t\t<div class=\"grve-carousel-prev\">\t\t\t<i class=\"grve-icon-nav-left-small\"><\/i>\t\t<\/div>\t\t<div class=\"grve-carousel-next\">\t\t\t<i class=\"grve-icon-nav-right-small\"><\/i>\t\t<\/div>\t<\/div><\/div><div class=\"grve-slider-element owl-carousel grve-theme\" data-slider-speed=\"3500\" data-slider-pause=\"no\" data-slider-autoplay=\"yes\" data-slider-loop=\"yes\" data-slider-transition=\"slide\" data-slider-autoheight=\"no\" data-pagination=\"yes\"><div class=\"grve-slider-item grve-hover-item grve-hover-style-none\">  <figure class=\"grve-image-hover grve-zoom-none\"><div class=\"grve-media\"><img loading=\"lazy\" decoding=\"async\" width=\"211\" height=\"300\" src=\"https:\/\/coach-sante-nature.fr\/wp-content\/uploads\/2019\/09\/51H6PdmYj2L._SX349_BO1204203200_-211x300.jpg\" class=\"attachment-medium size-medium\" alt=\"\" srcset=\"https:\/\/coach-sante-nature.fr\/wp-content\/uploads\/2019\/09\/51H6PdmYj2L._SX349_BO1204203200_-211x300.jpg 211w, https:\/\/coach-sante-nature.fr\/wp-content\/uploads\/2019\/09\/51H6PdmYj2L._SX349_BO1204203200_.jpg 351w\" sizes=\"auto, (max-width: 211px) 100vw, 211px\" \/><\/div>  <\/figure><\/div><div class=\"grve-slider-item grve-hover-item grve-hover-style-none\">  <figure class=\"grve-image-hover grve-zoom-none\"><div class=\"grve-media\"><img loading=\"lazy\" decoding=\"async\" width=\"210\" height=\"300\" src=\"https:\/\/coach-sante-nature.fr\/wp-content\/uploads\/2019\/09\/81uVVr4a1nL-210x300.jpg\" class=\"attachment-medium size-medium\" alt=\"\" srcset=\"https:\/\/coach-sante-nature.fr\/wp-content\/uploads\/2019\/09\/81uVVr4a1nL-210x300.jpg 210w, https:\/\/coach-sante-nature.fr\/wp-content\/uploads\/2019\/09\/81uVVr4a1nL-768x1099.jpg 768w, https:\/\/coach-sante-nature.fr\/wp-content\/uploads\/2019\/09\/81uVVr4a1nL-715x1024.jpg 715w, https:\/\/coach-sante-nature.fr\/wp-content\/uploads\/2019\/09\/81uVVr4a1nL.jpg 1317w\" sizes=\"auto, (max-width: 210px) 100vw, 210px\" \/><\/div>  <\/figure><\/div>\t<\/div>  <\/div><\/div><div class=\"grve-empty-space grve-height-1x\" style=\"\"><\/div><h3 class=\"grve-element grve-title grve-align-left grve-h3\" style=\"\"><span><br>\n<p style=\"text-align: center;\"><em>Cris et pleurs des b\u00e9b\u00e9s<\/em> d&rsquo;Aletha Solder<br>\n<\/span><\/h3>[\/vc_column][vc_column width=\u00a0\u00bb1\/3&Prime;]<div class=\"grve-empty-space grve-height-1x\" style=\"\"><\/div><div class=\"grve-element grve-slider grve-layout-1 grve-gallery-popup\"  style=\" \">  <div class=\"grve-carousel-wrapper\"><div class=\"grve-carousel-navigation grve-dark grve-navigation-1 grve-navigation-default\">\t<div class=\"grve-carousel-buttons\">\t\t<div class=\"grve-carousel-prev\">\t\t\t<i class=\"grve-icon-nav-left-small\"><\/i>\t\t<\/div>\t\t<div class=\"grve-carousel-next\">\t\t\t<i class=\"grve-icon-nav-right-small\"><\/i>\t\t<\/div>\t<\/div><\/div><div class=\"grve-slider-element owl-carousel grve-theme\" data-slider-speed=\"3500\" data-slider-pause=\"no\" data-slider-autoplay=\"yes\" data-slider-loop=\"yes\" data-slider-transition=\"slide\" data-slider-autoheight=\"no\" data-pagination=\"yes\"><div class=\"grve-slider-item grve-hover-item grve-hover-style-none\">  <figure class=\"grve-image-hover grve-zoom-none\"><div class=\"grve-media\"><img loading=\"lazy\" decoding=\"async\" width=\"211\" height=\"300\" src=\"https:\/\/coach-sante-nature.fr\/wp-content\/uploads\/2019\/09\/41yWXeMDyJL._SX349_BO1204203200_-211x300.jpg\" class=\"attachment-medium size-medium\" alt=\"\" srcset=\"https:\/\/coach-sante-nature.fr\/wp-content\/uploads\/2019\/09\/41yWXeMDyJL._SX349_BO1204203200_-211x300.jpg 211w, https:\/\/coach-sante-nature.fr\/wp-content\/uploads\/2019\/09\/41yWXeMDyJL._SX349_BO1204203200_.jpg 351w\" sizes=\"auto, (max-width: 211px) 100vw, 211px\" \/><\/div>  <\/figure><\/div>\t<\/div>  <\/div><\/div><div class=\"grve-empty-space grve-height-1x\" style=\"\"><\/div><h3 class=\"grve-element grve-title grve-align-left grve-h3\" style=\"\"><span><br>\n<p style=\"text-align: center;\"><em>J&rsquo;ai tout essay\u00e9<\/em> d&rsquo;Isabelle Filliozat<br>\n<\/span><\/h3><div class=\"grve-empty-space grve-height-1x\" style=\"\"><\/div>[\/vc_column][\/vc_row]<\/p>\n","protected":false},"excerpt":{"rendered":"<p>[vc_row bg_type=\u00a0\u00bbcolor\u00a0\u00bb padding_top_multiplier=\u00a0\u00bb3x\u00a0\u00bb padding_bottom_multiplier=\u00a0\u00bb3x\u00a0\u00bb bg_color=\u00a0\u00bb#cfd9c8&Prime;][vc_column width=\u00a0\u00bb1\/3&Prime;][\/vc_column][vc_column width=\u00a0\u00bb1\/3&Prime;][\/vc_column][vc_column width=\u00a0\u00bb1\/3&Prime;][\/vc_column][\/vc_row][vc_row section_type=\u00a0\u00bbfullwidth\u00a0\u00bb bg_type=\u00a0\u00bbimage\u00a0\u00bb bg_image=\u00a0\u00bb16156&Prime; bg_image_type=\u00a0\u00bbparallax\u00a0\u00bb parallax_threshold=\u00a0\u00bb0.5&Prime; padding_top_multiplier=\u00a0\u00bb3x\u00a0\u00bb padding_bottom_multiplier=\u00a0\u00bb3x\u00a0\u00bb font_color=\u00a0\u00bb#ffffff\u00a0\u00bb][vc_column width=\u00a0\u00bb1\/2&Prime;][\/vc_column][vc_column width=\u00a0\u00bb1\/2&Prime; font_color=\u00a0\u00bb#ffffff\u00a0\u00bb][\/vc_column][\/vc_row][vc_row][vc_column width=\u00a0\u00bb1\/3&Prime;][\/vc_column][vc_column width=\u00a0\u00bb1\/3&Prime;][\/vc_column][vc_column width=\u00a0\u00bb1\/3&Prime;][\/vc_column][\/vc_row]<\/p>\n","protected":false},"author":1,"featured_media":0,"parent":0,"menu_order":0,"comment_status":"closed","ping_status":"closed","template":"","meta":{"footnotes":""},"class_list":["post-16090","page","type-page","status-publish","hentry"],"yoast_head":"<!-- This site is optimized with the Yoast SEO plugin v27.5 - https:\/\/yoast.com\/product\/yoast-seo-wordpress\/ -->\n<title>Inspirations, on a lu, on a \u00e9cout\u00e9, on a vu pour vous<\/title>\n<meta name=\"description\" content=\"Lectures, dossiers, podcasts, vid\u00e9os, films, chin\u00e9s en ligne ou ailleurs : nous partageons avec vous tout ce qui nous inspire !\" \/>\n<meta name=\"robots\" content=\"index, follow, max-snippet:-1, max-image-preview:large, max-video-preview:-1\" \/>\n<link rel=\"canonical\" href=\"https:\/\/coach-sante-nature.fr\/index.php\/inspirations\/\" \/>\n<meta property=\"og:locale\" content=\"fr_FR\" \/>\n<meta property=\"og:type\" content=\"article\" \/>\n<meta property=\"og:title\" content=\"Inspirations, on a lu, on a \u00e9cout\u00e9, on a vu pour vous\" \/>\n<meta property=\"og:description\" content=\"Lectures, dossiers, podcasts, vid\u00e9os, films, chin\u00e9s en ligne ou ailleurs : nous partageons avec vous tout ce qui nous inspire !\" \/>\n<meta property=\"og:url\" content=\"https:\/\/coach-sante-nature.fr\/index.php\/inspirations\/\" \/>\n<meta property=\"og:site_name\" content=\"Coach Sant\u00e9 Nature\" \/>\n<meta property=\"article:modified_time\" content=\"2026-03-13T14:44:09+00:00\" \/>\n<meta name=\"twitter:card\" content=\"summary_large_image\" \/>\n<meta name=\"twitter:label1\" content=\"Dur\u00e9e de lecture estim\u00e9e\" \/>\n\t<meta name=\"twitter:data1\" content=\"2 minutes\" \/>\n<script type=\"application\/ld+json\" class=\"yoast-schema-graph\">{\"@context\":\"https:\\\/\\\/schema.org\",\"@graph\":[{\"@type\":\"WebPage\",\"@id\":\"https:\\\/\\\/coach-sante-nature.fr\\\/index.php\\\/inspirations\\\/\",\"url\":\"https:\\\/\\\/coach-sante-nature.fr\\\/index.php\\\/inspirations\\\/\",\"name\":\"Inspirations, on a lu, on a \u00e9cout\u00e9, on a vu pour vous\",\"isPartOf\":{\"@id\":\"https:\\\/\\\/coach-sante-nature.fr\\\/#website\"},\"datePublished\":\"2019-02-17T15:45:43+00:00\",\"dateModified\":\"2026-03-13T14:44:09+00:00\",\"description\":\"Lectures, dossiers, podcasts, vid\u00e9os, films, chin\u00e9s en ligne ou ailleurs : nous partageons avec vous tout ce qui nous inspire !\",\"breadcrumb\":{\"@id\":\"https:\\\/\\\/coach-sante-nature.fr\\\/index.php\\\/inspirations\\\/#breadcrumb\"},\"inLanguage\":\"fr-FR\",\"potentialAction\":[{\"@type\":\"ReadAction\",\"target\":[\"https:\\\/\\\/coach-sante-nature.fr\\\/index.php\\\/inspirations\\\/\"]}]},{\"@type\":\"BreadcrumbList\",\"@id\":\"https:\\\/\\\/coach-sante-nature.fr\\\/index.php\\\/inspirations\\\/#breadcrumb\",\"itemListElement\":[{\"@type\":\"ListItem\",\"position\":1,\"name\":\"Accueil\",\"item\":\"https:\\\/\\\/coach-sante-nature.fr\\\/\"},{\"@type\":\"ListItem\",\"position\":2,\"name\":\"Inspirations\"}]},{\"@type\":\"WebSite\",\"@id\":\"https:\\\/\\\/coach-sante-nature.fr\\\/#website\",\"url\":\"https:\\\/\\\/coach-sante-nature.fr\\\/\",\"name\":\"Coach Sant\u00e9 Nature\",\"description\":\"Coach Sant\u00e9 Nature\",\"publisher\":{\"@id\":\"https:\\\/\\\/coach-sante-nature.fr\\\/#\\\/schema\\\/person\\\/dbaa52d46a0cce3e76533d5e6666f184\"},\"potentialAction\":[{\"@type\":\"SearchAction\",\"target\":{\"@type\":\"EntryPoint\",\"urlTemplate\":\"https:\\\/\\\/coach-sante-nature.fr\\\/?s={search_term_string}\"},\"query-input\":{\"@type\":\"PropertyValueSpecification\",\"valueRequired\":true,\"valueName\":\"search_term_string\"}}],\"inLanguage\":\"fr-FR\"},{\"@type\":[\"Person\",\"Organization\"],\"@id\":\"https:\\\/\\\/coach-sante-nature.fr\\\/#\\\/schema\\\/person\\\/dbaa52d46a0cce3e76533d5e6666f184\",\"name\":\"marielegros\",\"image\":{\"@type\":\"ImageObject\",\"inLanguage\":\"fr-FR\",\"@id\":\"https:\\\/\\\/secure.gravatar.com\\\/avatar\\\/be5a35ba668cfb15f650ebe745ed4d18f7d24b5c26486ac8940923b86358d1fb?s=96&d=mm&r=g\",\"url\":\"https:\\\/\\\/secure.gravatar.com\\\/avatar\\\/be5a35ba668cfb15f650ebe745ed4d18f7d24b5c26486ac8940923b86358d1fb?s=96&d=mm&r=g\",\"contentUrl\":\"https:\\\/\\\/secure.gravatar.com\\\/avatar\\\/be5a35ba668cfb15f650ebe745ed4d18f7d24b5c26486ac8940923b86358d1fb?s=96&d=mm&r=g\",\"caption\":\"marielegros\"},\"logo\":{\"@id\":\"https:\\\/\\\/secure.gravatar.com\\\/avatar\\\/be5a35ba668cfb15f650ebe745ed4d18f7d24b5c26486ac8940923b86358d1fb?s=96&d=mm&r=g\"}}]}<\/script>\n<!-- \/ Yoast SEO plugin. -->","yoast_head_json":{"title":"Inspirations, on a lu, on a \u00e9cout\u00e9, on a vu pour vous","description":"Lectures, dossiers, podcasts, vid\u00e9os, films, chin\u00e9s en ligne ou ailleurs : nous partageons avec vous tout ce qui nous inspire !","robots":{"index":"index","follow":"follow","max-snippet":"max-snippet:-1","max-image-preview":"max-image-preview:large","max-video-preview":"max-video-preview:-1"},"canonical":"https:\/\/coach-sante-nature.fr\/index.php\/inspirations\/","og_locale":"fr_FR","og_type":"article","og_title":"Inspirations, on a lu, on a \u00e9cout\u00e9, on a vu pour vous","og_description":"Lectures, dossiers, podcasts, vid\u00e9os, films, chin\u00e9s en ligne ou ailleurs : nous partageons avec vous tout ce qui nous inspire !","og_url":"https:\/\/coach-sante-nature.fr\/index.php\/inspirations\/","og_site_name":"Coach Sant\u00e9 Nature","article_modified_time":"2026-03-13T14:44:09+00:00","twitter_card":"summary_large_image","twitter_misc":{"Dur\u00e9e de lecture estim\u00e9e":"2 minutes"},"schema":{"@context":"https:\/\/schema.org","@graph":[{"@type":"WebPage","@id":"https:\/\/coach-sante-nature.fr\/index.php\/inspirations\/","url":"https:\/\/coach-sante-nature.fr\/index.php\/inspirations\/","name":"Inspirations, on a lu, on a \u00e9cout\u00e9, on a vu pour vous","isPartOf":{"@id":"https:\/\/coach-sante-nature.fr\/#website"},"datePublished":"2019-02-17T15:45:43+00:00","dateModified":"2026-03-13T14:44:09+00:00","description":"Lectures, dossiers, podcasts, vid\u00e9os, films, chin\u00e9s en ligne ou ailleurs : nous partageons avec vous tout ce qui nous inspire !","breadcrumb":{"@id":"https:\/\/coach-sante-nature.fr\/index.php\/inspirations\/#breadcrumb"},"inLanguage":"fr-FR","potentialAction":[{"@type":"ReadAction","target":["https:\/\/coach-sante-nature.fr\/index.php\/inspirations\/"]}]},{"@type":"BreadcrumbList","@id":"https:\/\/coach-sante-nature.fr\/index.php\/inspirations\/#breadcrumb","itemListElement":[{"@type":"ListItem","position":1,"name":"Accueil","item":"https:\/\/coach-sante-nature.fr\/"},{"@type":"ListItem","position":2,"name":"Inspirations"}]},{"@type":"WebSite","@id":"https:\/\/coach-sante-nature.fr\/#website","url":"https:\/\/coach-sante-nature.fr\/","name":"Coach Sant\u00e9 Nature","description":"Coach Sant\u00e9 Nature","publisher":{"@id":"https:\/\/coach-sante-nature.fr\/#\/schema\/person\/dbaa52d46a0cce3e76533d5e6666f184"},"potentialAction":[{"@type":"SearchAction","target":{"@type":"EntryPoint","urlTemplate":"https:\/\/coach-sante-nature.fr\/?s={search_term_string}"},"query-input":{"@type":"PropertyValueSpecification","valueRequired":true,"valueName":"search_term_string"}}],"inLanguage":"fr-FR"},{"@type":["Person","Organization"],"@id":"https:\/\/coach-sante-nature.fr\/#\/schema\/person\/dbaa52d46a0cce3e76533d5e6666f184","name":"marielegros","image":{"@type":"ImageObject","inLanguage":"fr-FR","@id":"https:\/\/secure.gravatar.com\/avatar\/be5a35ba668cfb15f650ebe745ed4d18f7d24b5c26486ac8940923b86358d1fb?s=96&d=mm&r=g","url":"https:\/\/secure.gravatar.com\/avatar\/be5a35ba668cfb15f650ebe745ed4d18f7d24b5c26486ac8940923b86358d1fb?s=96&d=mm&r=g","contentUrl":"https:\/\/secure.gravatar.com\/avatar\/be5a35ba668cfb15f650ebe745ed4d18f7d24b5c26486ac8940923b86358d1fb?s=96&d=mm&r=g","caption":"marielegros"},"logo":{"@id":"https:\/\/secure.gravatar.com\/avatar\/be5a35ba668cfb15f650ebe745ed4d18f7d24b5c26486ac8940923b86358d1fb?s=96&d=mm&r=g"}}]}},"_links":{"self":[{"href":"https:\/\/coach-sante-nature.fr\/index.php\/wp-json\/wp\/v2\/pages\/16090","targetHints":{"allow":["GET"]}}],"collection":[{"href":"https:\/\/coach-sante-nature.fr\/index.php\/wp-json\/wp\/v2\/pages"}],"about":[{"href":"https:\/\/coach-sante-nature.fr\/index.php\/wp-json\/wp\/v2\/types\/page"}],"author":[{"embeddable":true,"href":"https:\/\/coach-sante-nature.fr\/index.php\/wp-json\/wp\/v2\/users\/1"}],"replies":[{"embeddable":true,"href":"https:\/\/coach-sante-nature.fr\/index.php\/wp-json\/wp\/v2\/comments?post=16090"}],"version-history":[{"count":36,"href":"https:\/\/coach-sante-nature.fr\/index.php\/wp-json\/wp\/v2\/pages\/16090\/revisions"}],"predecessor-version":[{"id":16553,"href":"https:\/\/coach-sante-nature.fr\/index.php\/wp-json\/wp\/v2\/pages\/16090\/revisions\/16553"}],"wp:attachment":[{"href":"https:\/\/coach-sante-nature.fr\/index.php\/wp-json\/wp\/v2\/media?parent=16090"}],"curies":[{"name":"wp","href":"https:\/\/api.w.org\/{rel}","templated":true}]}}